{"id":3097,"date":"2020-11-18T15:43:28","date_gmt":"2020-11-18T14:43:28","guid":{"rendered":"http:\/\/tasteofthewildpetfood.eu\/?post_type=product&#038;p=3097"},"modified":"2020-11-18T15:48:37","modified_gmt":"2020-11-18T14:48:37","slug":"3097","status":"publish","type":"product","link":"https:\/\/tasteofthewildpetfood.eu\/index.php\/produit\/3097\/","title":{"rendered":""},"content":{"rendered":"","protected":false},"excerpt":{"rendered":"<h3>Taste of the Wild PREY \u2014 Formule \u00e0 la Dinde pour Chats, avec 3 ingr\u00e9dients cl\u00e9s.<\/h3>\n<h3>Composition<\/h3>\n<p>Dinde (60%), lentilles (38%), huile de tournesol, ar\u00f4me naturel, huile de saumon (source de DHA), DL-m\u00e9thionine, phosphate dicalcique, carbonate de calcium, sel, chlorure de choline, taurine, produit s\u00e9ch\u00e9 issu de la fermentation de Lactobacillus acidophilus, produit s\u00e9ch\u00e9 issu de la fermentation de Bifidobacterium animalis, prot\u00e9inate de zinc, suppl\u00e9ment de vitamine E, niacine (vitamine B3), prot\u00e9inate de mangan\u00e8se, prot\u00e9inate de cuivre, sulfate de zinc, sulfate de mangan\u00e8se, sulfate de cuivre, mononitrate de thiamine (vitamine B1), suppl\u00e9ment de vitamine A, biotine (vitamine B7), iodure de potassium, pantoth\u00e9nate de calcium (vitamine B5), riboflavine (vitamine B2), chlorhydrate de pyridoxine (vitamine B6), suppl\u00e9ment de vitamine B12, oxyde de mangan\u00e8se, s\u00e9l\u00e9nite de sodium, suppl\u00e9ment de vitamine D, acide folique.<\/p>\n<p><em>Contient une source de micro-organismes vivants naturellement pr\u00e9sents.<\/em><\/p>\n<h3>Valeur \u00e9nerg\u00e9tique<\/h3>\n<p>\u00c9nergie m\u00e9tabolisable calcul\u00e9e : 3 689 kcal\/kg<\/p>\n<h3>D\u00e9claration AAFCO<\/h3>\n<p>L\u2019aliment complet Taste of the Wild PREY Angus Beef Formula pour chats \u00e0 la dinde a \u00e9t\u00e9 formul\u00e9 conform\u00e9ment aux profils nutritionnels d\u2019alimentation f\u00e9line pour chats de tous \u00e2ges \u00e9tablis par l\u2019AAFCO.<\/p>\n<p>Pour davantage d&#8217;information, t\u00e9l\u00e9charger notre brochure <a href=\"https:\/\/www.dropbox.com\/s\/w9ipxxe7ge487zr\/Taste%20of%20the%20Wild%20Prey%20-%20Brochure%20Web%20%28EN%29.pdf?dl=0\">TasteoftheWildPREY<\/a>.<\/p>\n<p>Made in USA, fi\u00e8rement produit aux Etats-Unis par Diamond Pet Foods Inc., <a href=\"https:\/\/www.youtube.com\/watch?v=v09wHpigryk&amp;ab_channel=DiamondPetFoods\">visitez nos cuisines<\/a>.<\/p>\n","protected":false},"featured_media":3100,"comment_status":"closed","ping_status":"closed","template":"","meta":[],"_links":{"self":[{"href":"https:\/\/tasteofthewildpetfood.eu\/index.php\/wp-json\/wp\/v2\/product\/3097"}],"collection":[{"href":"https:\/\/tasteofthewildpetfood.eu\/index.php\/wp-json\/wp\/v2\/product"}],"about":[{"href":"https:\/\/tasteofthewildpetfood.eu\/index.php\/wp-json\/wp\/v2\/types\/product"}],"replies":[{"embeddable":true,"href":"https:\/\/tasteofthewildpetfood.eu\/index.php\/wp-json\/wp\/v2\/comments?post=3097"}],"wp:featuredmedia":[{"embeddable":true,"href":"https:\/\/tasteofthewildpetfood.eu\/index.php\/wp-json\/wp\/v2\/media\/3100"}],"wp:attachment":[{"href":"https:\/\/tasteofthewildpetfood.eu\/index.php\/wp-json\/wp\/v2\/media?parent=3097"}],"curies":[{"name":"wp","href":"https:\/\/api.w.org\/{rel}","templated":true}]}}