{"id":3091,"date":"2020-11-18T15:29:47","date_gmt":"2020-11-18T14:29:47","guid":{"rendered":"http:\/\/tasteofthewildpetfood.eu\/?post_type=product&#038;p=3091"},"modified":"2020-11-18T17:59:51","modified_gmt":"2020-11-18T16:59:51","slug":"3091","status":"publish","type":"product","link":"https:\/\/tasteofthewildpetfood.eu\/index.php\/produit\/3091\/","title":{"rendered":""},"content":{"rendered":"","protected":false},"excerpt":{"rendered":"<h3>Taste of the Wild PREY \u2014 Formule au Boeuf pour Chiens, avec 4 ingr\u00e9dients cl\u00e9s.<\/h3>\n<h3>Composition<\/h3>\n<p>B\u0153uf (53%), lentilles (43%), marc de tomate, huile de tournesol, ar\u00f4me naturel, phosphate dicalcique, huile de saumon (source de DHA), DL-m\u00e9thionine, chlorure de choline, taurine, produit s\u00e9ch\u00e9 issu de la fermentation de Lactobacillus acidophilus, produit s\u00e9ch\u00e9 issu de la fermentation de Bifidobacterium animalis, produit s\u00e9ch\u00e9 issu de la fermentation de Lactobacillus reuteri, suppl\u00e9ment de vitamine E, prot\u00e9inate de fer, prot\u00e9inate de zinc, prot\u00e9inate de cuivre, sulfate de fer, sulfate de zinc, sulfate de cuivre, iodure de potassium, mononitrate de thiamine (vitamine B1), prot\u00e9inate de mangan\u00e8se, oxyde de mangan\u00e8se, acide ascorbique (vitamine C), suppl\u00e9ment de vitamine A, biotine (vitamine B7), niacine (vitamine B3), pantoth\u00e9nate de calcium (vitamine B5), sulfate de mangan\u00e8se, s\u00e9l\u00e9nite de sodium, chlorhydrate de pyridoxine (vitamine B6), suppl\u00e9ment de vitamine B12, riboflavine (vitamine B2), suppl\u00e9ment de vitamine D3, acide folique.<\/p>\n<p><em>Contient une source de micro-organismes vivants naturellement pr\u00e9sents.<\/em><\/p>\n<h3>Valeur \u00e9nerg\u00e9tique<\/h3>\n<p>\u00c9nergie m\u00e9tabolisable calcul\u00e9e : 3 630 kcal\/kg<\/p>\n<h3>D\u00e9claration AAFCO<\/h3>\n<p>L\u2019aliment complet Taste of the Wild PREY Angus Beef Formula pour chiens au boeuf a \u00e9t\u00e9 formul\u00e9 conform\u00e9ment aux profils nutritionnels d\u2019alimentation canine pour chiens de tous \u00e2ges \u00e9tablis par l\u2019AAFCO et convient \u00e9galement aux chiens de grandes races en p\u00e9riode de croissance (pesant plus de 30 kgs \u00e0 l\u2019\u00e2ge adulte)<\/p>\n<p>Pour davantage d&#8217;information, t\u00e9l\u00e9charger notre brochure <a href=\"https:\/\/www.dropbox.com\/s\/w9ipxxe7ge487zr\/Taste%20of%20the%20Wild%20Prey%20-%20Brochure%20Web%20%28EN%29.pdf?dl=0\">TasteoftheWildPREY<\/a>.<\/p>\n<p>Made in USA, fi\u00e8rement produit aux Etats-Unis par Diamond Pet Foods Inc., <a href=\"https:\/\/www.youtube.com\/watch?v=v09wHpigryk&amp;ab_channel=DiamondPetFoods\">visitez nos cuisines<\/a>.<\/p>\n","protected":false},"featured_media":3092,"comment_status":"closed","ping_status":"closed","template":"","meta":[],"_links":{"self":[{"href":"https:\/\/tasteofthewildpetfood.eu\/index.php\/wp-json\/wp\/v2\/product\/3091"}],"collection":[{"href":"https:\/\/tasteofthewildpetfood.eu\/index.php\/wp-json\/wp\/v2\/product"}],"about":[{"href":"https:\/\/tasteofthewildpetfood.eu\/index.php\/wp-json\/wp\/v2\/types\/product"}],"replies":[{"embeddable":true,"href":"https:\/\/tasteofthewildpetfood.eu\/index.php\/wp-json\/wp\/v2\/comments?post=3091"}],"wp:featuredmedia":[{"embeddable":true,"href":"https:\/\/tasteofthewildpetfood.eu\/index.php\/wp-json\/wp\/v2\/media\/3092"}],"wp:attachment":[{"href":"https:\/\/tasteofthewildpetfood.eu\/index.php\/wp-json\/wp\/v2\/media?parent=3091"}],"curies":[{"name":"wp","href":"https:\/\/api.w.org\/{rel}","templated":true}]}}